{"id":308,"date":"2025-12-05T12:33:34","date_gmt":"2025-12-05T12:33:34","guid":{"rendered":"https:\/\/kindelwald.de\/?page_id=308"},"modified":"2025-12-05T12:33:37","modified_gmt":"2025-12-05T12:33:37","slug":"reitschule-8","status":"publish","type":"page","link":"https:\/\/kindelwald.de\/?page_id=308","title":{"rendered":"Reitschule"},"content":{"rendered":"<div class=\"\" style=\"\" >\n  \n    <section class=\"u-clearfix u-valign-bottom-lg u-valign-bottom-md u-valign-bottom-sm u-section-1\" id=\"sec-cf6f\">\n      <div class=\"u-expanded-width u-palette-3-light-3 u-radius u-shape u-shape-round u-shape-1\" data-animation-name=\"customAnimationIn\" data-animation-duration=\"1500\" data-animation-delay=\"500\"><\/div>\n      <img decoding=\"async\" class=\"u-expanded-width u-image u-image-round u-radius u-image-1\" src=\"https:\/\/kindelwald.de\/wp-content\/uploads\/2025\/12\/drohne-oben-7.jpg\" data-image-width=\"1307\" data-image-height=\"337\" data-animation-name=\"customAnimationIn\" data-animation-duration=\"1500\" data-animation-delay=\"500\">\n    <\/section>\n    <section class=\"u-clearfix u-palette-3-light-3 u-section-2\" id=\"carousel_7aef\">\n      <div class=\"u-align-center u-container-align-center u-container-style u-group u-radius u-shape-round u-white u-group-1\" data-animation-name=\"customAnimationIn\" data-animation-duration=\"1500\" data-animation-delay=\"500\">\n        <div class=\"u-container-layout u-valign-middle u-container-layout-1\">\n          <img decoding=\"async\" class=\"custom-expanded u-image u-image-contain u-image-default u-image-1\" src=\"https:\/\/kindelwald.de\/wp-content\/uploads\/2025\/12\/header-slogan-7.jpg\" alt=\"\" data-image-width=\"538\" data-image-height=\"125\">\n        <\/div>\n      <\/div>\n      <h2 class=\"u-align-center u-text u-text-custom-color-3 u-text-default u-text-1\" data-animation-name=\"customAnimationIn\" data-animation-duration=\"1500\" data-animation-delay=\"0\">Reiterhof am Kindelwald<br>\n      <\/h2>\n      <div class=\"data-layout-selected u-clearfix u-expanded-width u-gutter-16 u-layout-wrap u-layout-wrap-1\">\n        <div class=\"u-gutter-0 u-layout\">\n          <div class=\"u-layout-row\">\n            <div class=\"u-size-30\">\n              <div class=\"u-layout-col\">\n                <div class=\"u-container-style u-layout-cell u-shape-rectangle u-size-60 u-layout-cell-1\">\n                  <div class=\"u-container-layout u-container-layout-2\"><\/div>\n                <\/div>\n              <\/div>\n            <\/div>\n            <div class=\"u-size-30\">\n              <div class=\"u-layout-col\">\n                <div class=\"u-container-style u-layout-cell u-shape-rectangle u-size-30 u-layout-cell-2\">\n                  <div class=\"u-container-layout u-valign-middle-md u-container-layout-3\">\n                    <img decoding=\"async\" class=\"u-image u-image-default u-preserve-proportions u-image-2\" src=\"https:\/\/kindelwald.de\/wp-content\/uploads\/2025\/12\/reitschule-7.jpg\" alt=\"\" data-image-width=\"150\" data-image-height=\"95\">\n                  <\/div>\n                <\/div>\n                <div class=\"u-container-style u-layout-cell u-size-30 u-layout-cell-3\">\n                  <div class=\"u-container-layout u-valign-top-lg u-valign-top-md u-valign-top-sm u-valign-top-xs u-container-layout-4\">\n                    <img decoding=\"async\" class=\"u-image u-image-default u-preserve-proportions u-image-3\" src=\"https:\/\/kindelwald.de\/wp-content\/uploads\/2025\/12\/reitschule-kl-7.jpg\" alt=\"\" data-image-width=\"200\" data-image-height=\"133\">\n                  <\/div>\n                <\/div>\n              <\/div>\n            <\/div>\n          <\/div>\n        <\/div>\n      <\/div>\n      <p class=\"u-text u-text-2\"><span style=\"font-weight: 700;\">Unsere Reitschule am Kindelwald<\/span>\n        <br>Egal ob Anf\u00e4nger oder Fortgeschrittener,wir bieten den passenden Reitunterricht f\u00fcr alle Pferdefreunde.<br>Schulpferde sind sehr wichtig f\u00fcr Reitanf\u00e4nger, aber auch f\u00fcr alle, die sich kein eigenes Pferd kaufen k\u00f6nnen.<br>Schulpferde liefern ab wie ein Spitzensportler und sollen dabei immer geduldig, freundlich und motiviert sein und im besten Fall nie krank. <br> Am Dienstag, Mittwoch, Donnerstag von 17 - 19.15 Uhr und am Samstag von 11 - 13.15 Uhr ist bei uns Unterricht.<br>Melden Sie sich bei uns an, wir freuen uns auf den <a href=\"https:\/\/kindelwald.de\/?page_id=309\" class=\"u-active-none u-border-none u-btn u-button-link u-button-style u-hover-none u-none u-text-palette-1-base u-btn-1\" title=\"Kontakt\">Kontakt<\/a>!<br>\n      <\/p>\n      <div class=\"u-expanded-width u-list u-list-1\">\n        <div class=\"u-repeater u-repeater-1\">\n          <div class=\"u-container-style u-list-item u-radius u-repeater-item u-shape-round u-white u-list-item-1\" data-animation-name=\"customAnimationIn\" data-animation-duration=\"1500\" data-animation-delay=\"500\">\n            <div class=\"u-container-layout u-similar-container u-container-layout-5\">\n              <h4 class=\"u-align-left u-text u-text-custom-color-3 u-text-3\">Reiterhof<\/h4>\n              <img decoding=\"async\" class=\"u-image u-image-default u-preserve-proportions u-image-4\" src=\"https:\/\/kindelwald.de\/wp-content\/uploads\/2025\/12\/Box-7.jpg\" alt=\"\" data-image-width=\"2117\" data-image-height=\"1417\">\n              <p class=\"u-align-left u-text u-text-custom-color-3 u-text-4\">Freizeit- oder Sportpferd? Bei uns f\u00fchlen sich alle wohl!<br>\n              <\/p>\n              <a href=\"https:\/\/kindelwald.de\/?page_id=306\" class=\"u-border-none u-btn u-button-style u-custom-color-3 u-hover-palette-1-light-1 u-radius u-btn-2\" title=\"Reiterhof\">Infos<\/a>\n            <\/div>\n          <\/div>\n          <div class=\"u-container-style u-list-item u-radius u-repeater-item u-shape-round u-white u-list-item-2\" data-animation-name=\"customAnimationIn\" data-animation-duration=\"1500\" data-animation-delay=\"500\">\n            <div class=\"u-container-layout u-similar-container u-container-layout-6\">\n              <h4 class=\"u-align-left u-text u-text-custom-color-3 u-text-5\">Reitschule<\/h4>\n              <img decoding=\"async\" class=\"u-image u-image-default u-preserve-proportions u-image-5\" src=\"https:\/\/kindelwald.de\/wp-content\/uploads\/2025\/12\/reitschule-kl-7.jpg\" alt=\"\" data-image-width=\"200\" data-image-height=\"133\">\n              <p class=\"u-align-left u-text u-text-custom-color-3 u-text-6\">Reiten lernen? Wir bieten Longen-und Reitstunden an. <br>\n              <\/p>\n              <a href=\"https:\/\/kindelwald.de\/?page_id=308\" class=\"u-border-none u-btn u-button-style u-custom-color-3 u-hover-palette-1-light-1 u-radius u-btn-3\" title=\"Reitschule\">Infos<\/a>\n            <\/div>\n          <\/div>\n          <div class=\"u-container-style u-list-item u-radius u-repeater-item u-shape-round u-white u-list-item-3\" data-animation-name=\"customAnimationIn\" data-animation-duration=\"1500\" data-animation-delay=\"500\">\n            <div class=\"u-container-layout u-similar-container u-container-layout-7\">\n              <h4 class=\"u-align-left u-text u-text-custom-color-3 u-text-7\">Ponyreiten<\/h4>\n              <img decoding=\"async\" class=\"u-image u-image-default u-preserve-proportions u-image-6\" src=\"https:\/\/kindelwald.de\/wp-content\/uploads\/2025\/12\/kind-kl-7.jpg\" alt=\"\" data-image-width=\"763\" data-image-height=\"535\">\n              <p class=\"u-align-left u-text u-text-custom-color-3 u-text-8\"> Kinder lieben Ponys! Kommen Sie zu uns, wir haben die Ponys!<br>\n              <\/p>\n              <a href=\"https:\/\/kindelwald.de\/?page_id=307\" class=\"u-border-none u-btn u-button-style u-custom-color-3 u-hover-palette-1-light-1 u-radius u-btn-4\" title=\"Ponyreiten\">Infos<\/a>\n            <\/div>\n          <\/div>\n          <div class=\"u-container-style u-list-item u-radius u-repeater-item u-shape-round u-white u-list-item-4\" data-animation-name=\"customAnimationIn\" data-animation-duration=\"1500\" data-animation-delay=\"500\">\n            <div class=\"u-container-layout u-similar-container u-container-layout-8\">\n              <h4 class=\"u-align-left u-text u-text-custom-color-3 u-text-9\">Kontakt<\/h4>\n              <img decoding=\"async\" class=\"u-image u-image-default u-preserve-proportions u-image-7\" src=\"https:\/\/kindelwald.de\/wp-content\/uploads\/2025\/12\/kontakt-kl-7.jpg\" alt=\"\" data-image-width=\"200\" data-image-height=\"131\">\n              <p class=\"u-align-left u-text u-text-custom-color-3 u-text-10\">Wir freuen uns auf einen Kontakt mit Ihnen! <br>\n              <\/p>\n              <a href=\"https:\/\/kindelwald.de\/?page_id=309\" class=\"u-border-none u-btn u-button-style u-custom-color-3 u-hover-palette-1-light-1 u-radius u-btn-5\" title=\"Kontakt\">Infos<\/a>\n            <\/div>\n          <\/div>\n        <\/div>\n      <\/div>\n    <\/section>\n    \n    \n    \n    \n  \n<\/div>","protected":false},"excerpt":{"rendered":"<p>Reiterhof am Kindelwald Unsere Reitschule am Kindelwald Egal ob Anf\u00e4nger oder Fortgeschrittener,wir bieten den passenden Reitunterricht f\u00fcr alle Pferdefreunde.Schulpferde sind sehr wichtig f\u00fcr Reitanf\u00e4nger, aber auch f\u00fcr alle, die sich kein eigenes Pferd kaufen k\u00f6nnen.Schulpferde liefern ab wie ein Spitzensportler und sollen dabei immer geduldig, freundlich und motiviert sein und im besten Fall nie krank. [&hellip;]<\/p>\n","protected":false},"author":1,"featured_media":0,"parent":0,"menu_order":3,"comment_status":"closed","ping_status":"closed","template":"","meta":{"footnotes":""},"class_list":["post-308","page","type-page","status-publish","hentry"],"_links":{"self":[{"href":"https:\/\/kindelwald.de\/index.php?rest_route=\/wp\/v2\/pages\/308","targetHints":{"allow":["GET"]}}],"collection":[{"href":"https:\/\/kindelwald.de\/index.php?rest_route=\/wp\/v2\/pages"}],"about":[{"href":"https:\/\/kindelwald.de\/index.php?rest_route=\/wp\/v2\/types\/page"}],"author":[{"embeddable":true,"href":"https:\/\/kindelwald.de\/index.php?rest_route=\/wp\/v2\/users\/1"}],"replies":[{"embeddable":true,"href":"https:\/\/kindelwald.de\/index.php?rest_route=%2Fwp%2Fv2%2Fcomments&post=308"}],"version-history":[{"count":1,"href":"https:\/\/kindelwald.de\/index.php?rest_route=\/wp\/v2\/pages\/308\/revisions"}],"predecessor-version":[{"id":313,"href":"https:\/\/kindelwald.de\/index.php?rest_route=\/wp\/v2\/pages\/308\/revisions\/313"}],"wp:attachment":[{"href":"https:\/\/kindelwald.de\/index.php?rest_route=%2Fwp%2Fv2%2Fmedia&parent=308"}],"curies":[{"name":"wp","href":"https:\/\/api.w.org\/{rel}","templated":true}]}}